{"id":5676,"date":"2023-08-30T16:21:21","date_gmt":"2023-08-30T16:21:21","guid":{"rendered":"https:\/\/www.dmctour.com\/our-clinic\/"},"modified":"2024-01-26T09:10:20","modified_gmt":"2024-01-26T09:10:20","slug":"our-clinic","status":"publish","type":"page","link":"https:\/\/www.dmctour.com\/de\/our-clinic\/","title":{"rendered":"Vertragskliniken"},"content":{"rendered":"<section id=\"bt_bb_section69fdd86fea142\" class=\"bt_bb_section bt_bb_layout_boxed_1200 bt_bb_top_spacing_normal bt_bb_bottom_spacing_normal\"  data-bt-override-class=\"{&quot;bt_bb_top_spacing_&quot;:{&quot;current_class&quot;:&quot;bt_bb_top_spacing_normal&quot;,&quot;xxl&quot;:&quot;normal&quot;},&quot;bt_bb_bottom_spacing_&quot;:{&quot;current_class&quot;:&quot;bt_bb_bottom_spacing_normal&quot;,&quot;xxl&quot;:&quot;normal&quot;}}\"><div class=\"bt_bb_port\"><div class=\"bt_bb_cell\"><div class=\"bt_bb_cell_inner\"><div data-bb-version=\"4.5.4\" class=\"bt_bb_row_wrapper\"><div  class=\"bt_bb_row\"  data-bt-override-class=\"{}\"><div data-bb-version=\"4.5.4\"  class=\"bt_bb_column col-xl-12 col-xs-12 col-sm-12 col-md-12 col-lg-12 bt_bb_align_left bt_bb_vertical_align_top bt_bb_padding_normal\"  data-width=\"12\" data-bt-override-class=\"{}\"><div class=\"bt_bb_column_content\"><div data-bb-version=\"4.5.4\"  class=\"bt_bb_text\" ><p>Als Dmc Tour bieten wir Vermittlungsdienste an, die Ihnen dabei helfen, die besten Kliniken, Krankenh\u00e4user und \u00c4rzte f\u00fcr eine erschwingliche Behandlung zu erreichen.<\/p>\n<p>Wir begleiten Sie von der Kontaktaufnahme bis zum Abschluss Ihrer Behandlung und w\u00e4hrend der gesamten Nachsorge.<\/p>\n<\/div><\/div><\/div><\/div><\/div><div class=\"bt_bb_row_wrapper\"><div  class=\"bt_bb_row\"  data-bt-override-class=\"{}\"><div  class=\"bt_bb_column col-xl-6 col-xs-12 col-sm-6 col-md-6 col-lg-6 bt_bb_align_left bt_bb_vertical_align_top bt_bb_padding_normal\"  data-width=\"6\" data-bt-override-class=\"{}\"><div class=\"bt_bb_column_content\"><div data-bb-version=\"4.5.4\" class=\"bt_bb_separator bt_bb_border_style_none bt_bb_top_spacing_normal bt_bb_bottom_spacing_none\" data-bt-override-class=\"{&quot;bt_bb_top_spacing_&quot;:{&quot;current_class&quot;:&quot;bt_bb_top_spacing_normal&quot;,&quot;xxl&quot;:&quot;normal&quot;},&quot;bt_bb_bottom_spacing_&quot;:{&quot;current_class&quot;:&quot;bt_bb_bottom_spacing_none&quot;,&quot;xxl&quot;:&quot;none&quot;}}\"><\/div><header data-bb-version=\"4.5.4\" class=\"bt_bb_headline bt_bb_subheadline_text_transform_default bt_bb_dash_none bt_bb_size_extrasmall bt_bb_align_center bt_bb_dash_type_none\" data-bt-override-class=\"{&quot;bt_bb_size_&quot;:{&quot;current_class&quot;:&quot;bt_bb_size_extrasmall&quot;,&quot;xxl&quot;:&quot;extrasmall&quot;},&quot;bt_bb_align_&quot;:{&quot;current_class&quot;:&quot;bt_bb_align_center&quot;,&quot;xxl&quot;:&quot;center&quot;}}\"><h1 class=\"bt_bb_headline_tag\"><span class=\"bt_bb_headline_content\"><span>SUNCITY DENT<\/span><\/span><\/h1><\/header><div data-bb-version=\"4.5.4\" class=\"bt_bb_image bt_bb_shape_square bt_bb_target_self bt_bb_align_inherit bt_bb_hover_style_simple bt_bb_content_display_always bt_bb_content_align_middle\" data-bt-override-class=\"{&quot;bt_bb_align_&quot;:{&quot;current_class&quot;:&quot;bt_bb_align_inherit&quot;,&quot;xxl&quot;:&quot;inherit&quot;}}\"><span><img loading=\"lazy\" decoding=\"async\" width=\"1200\" height=\"800\" src=\"https:\/\/www.dmctour.com\/wp-content\/uploads\/2023\/08\/DMC-TOUR-DENTAL-ANTALYA-TURKEY-0007.jpg\" class=\"attachment-full size-full\" alt=\"https:\/\/www.dmctour.com\/wp-content\/uploads\/2023\/08\/DMC-TOUR-DENTAL-ANTALYA-TURKEY-0007.jpg\" data-full_image_src=\"https:\/\/www.dmctour.com\/wp-content\/uploads\/2023\/08\/DMC-TOUR-DENTAL-ANTALYA-TURKEY-0007.jpg\" title=\"DMC-TOUR-DENTAL-ANTALYA-TURKEY-0007\" srcset=\"https:\/\/www.dmctour.com\/wp-content\/uploads\/2023\/08\/DMC-TOUR-DENTAL-ANTALYA-TURKEY-0007.jpg 1200w, https:\/\/www.dmctour.com\/wp-content\/uploads\/2023\/08\/DMC-TOUR-DENTAL-ANTALYA-TURKEY-0007-640x427.jpg 640w, https:\/\/www.dmctour.com\/wp-content\/uploads\/2023\/08\/DMC-TOUR-DENTAL-ANTALYA-TURKEY-0007-768x512.jpg 768w, https:\/\/www.dmctour.com\/wp-content\/uploads\/2023\/08\/DMC-TOUR-DENTAL-ANTALYA-TURKEY-0007-320x213.jpg 320w\" sizes=\"auto, (max-width: 1200px) 100vw, 1200px\" \/><\/span><\/div><div data-bb-version=\"4.5.4\"  class=\"bt_bb_text\" ><\/div><\/div><\/div><div data-bb-version=\"4.5.4\"  class=\"bt_bb_column col-xl-6 col-xs-12 col-sm-6 col-md-6 col-lg-6 bt_bb_align_left bt_bb_vertical_align_top bt_bb_padding_normal\"  data-width=\"6\" data-bt-override-class=\"{}\"><div class=\"bt_bb_column_content\"><div data-bb-version=\"4.5.4\" class=\"bt_bb_separator bt_bb_border_style_none bt_bb_top_spacing_normal bt_bb_bottom_spacing_none\" data-bt-override-class=\"{&quot;bt_bb_top_spacing_&quot;:{&quot;current_class&quot;:&quot;bt_bb_top_spacing_normal&quot;,&quot;xxl&quot;:&quot;normal&quot;},&quot;bt_bb_bottom_spacing_&quot;:{&quot;current_class&quot;:&quot;bt_bb_bottom_spacing_none&quot;,&quot;xxl&quot;:&quot;none&quot;}}\"><\/div><header data-bb-version=\"4.5.4\" class=\"bt_bb_headline bt_bb_subheadline_text_transform_default bt_bb_dash_none bt_bb_size_extrasmall bt_bb_align_center bt_bb_dash_type_none\" data-bt-override-class=\"{&quot;bt_bb_size_&quot;:{&quot;current_class&quot;:&quot;bt_bb_size_extrasmall&quot;,&quot;xxl&quot;:&quot;extrasmall&quot;},&quot;bt_bb_align_&quot;:{&quot;current_class&quot;:&quot;bt_bb_align_center&quot;,&quot;xxl&quot;:&quot;center&quot;}}\"><h1 class=\"bt_bb_headline_tag\"><span class=\"bt_bb_headline_content\"><span>D\u00dcNYAG\u00d6Z KRANKENHAUS<\/span><\/span><\/h1><\/header><div data-bb-version=\"4.5.4\" class=\"bt_bb_image bt_bb_shape_square bt_bb_target_self bt_bb_align_inherit bt_bb_hover_style_simple bt_bb_content_display_always bt_bb_content_align_middle\" data-bt-override-class=\"{&quot;bt_bb_align_&quot;:{&quot;current_class&quot;:&quot;bt_bb_align_inherit&quot;,&quot;xxl&quot;:&quot;inherit&quot;}}\"><span><img loading=\"lazy\" decoding=\"async\" width=\"1200\" height=\"800\" src=\"https:\/\/www.dmctour.com\/wp-content\/uploads\/2024\/01\/627b7f257d3a0-copy.jpg\" class=\"attachment-full size-full\" alt=\"https:\/\/www.dmctour.com\/wp-content\/uploads\/2024\/01\/627b7f257d3a0-copy.jpg\" data-full_image_src=\"https:\/\/www.dmctour.com\/wp-content\/uploads\/2024\/01\/627b7f257d3a0-copy.jpg\" title=\"627b7f257d3a0 copy\" srcset=\"https:\/\/www.dmctour.com\/wp-content\/uploads\/2024\/01\/627b7f257d3a0-copy.jpg 1200w, https:\/\/www.dmctour.com\/wp-content\/uploads\/2024\/01\/627b7f257d3a0-copy-640x427.jpg 640w, https:\/\/www.dmctour.com\/wp-content\/uploads\/2024\/01\/627b7f257d3a0-copy-768x512.jpg 768w, https:\/\/www.dmctour.com\/wp-content\/uploads\/2024\/01\/627b7f257d3a0-copy-320x213.jpg 320w\" sizes=\"auto, (max-width: 1200px) 100vw, 1200px\" \/><\/span><\/div><div data-bb-version=\"4.5.4\"  class=\"bt_bb_text\" ><\/div><\/div><\/div><\/div><\/div><div class=\"bt_bb_row_wrapper\"><div  class=\"bt_bb_row\"  data-bt-override-class=\"{}\"><div  class=\"bt_bb_column col-xl-6 col-xs-12 col-sm-6 col-md-6 col-lg-6 bt_bb_align_left bt_bb_vertical_align_top bt_bb_padding_normal\"  data-width=\"6\" data-bt-override-class=\"{}\"><div class=\"bt_bb_column_content\"><div data-bb-version=\"4.5.4\" class=\"bt_bb_separator bt_bb_border_style_none bt_bb_top_spacing_normal bt_bb_bottom_spacing_none\" data-bt-override-class=\"{&quot;bt_bb_top_spacing_&quot;:{&quot;current_class&quot;:&quot;bt_bb_top_spacing_normal&quot;,&quot;xxl&quot;:&quot;normal&quot;},&quot;bt_bb_bottom_spacing_&quot;:{&quot;current_class&quot;:&quot;bt_bb_bottom_spacing_none&quot;,&quot;xxl&quot;:&quot;none&quot;}}\"><\/div><header data-bb-version=\"4.5.4\" class=\"bt_bb_headline bt_bb_subheadline_text_transform_default bt_bb_dash_none bt_bb_size_extrasmall bt_bb_align_center bt_bb_dash_type_none\" data-bt-override-class=\"{&quot;bt_bb_size_&quot;:{&quot;current_class&quot;:&quot;bt_bb_size_extrasmall&quot;,&quot;xxl&quot;:&quot;extrasmall&quot;},&quot;bt_bb_align_&quot;:{&quot;current_class&quot;:&quot;bt_bb_align_center&quot;,&quot;xxl&quot;:&quot;center&quot;}}\"><h1 class=\"bt_bb_headline_tag\"><span class=\"bt_bb_headline_content\"><span>DERDA KAYA KLINIK<\/span><\/span><\/h1><\/header><div data-bb-version=\"4.5.4\" class=\"bt_bb_image bt_bb_shape_square bt_bb_target_self bt_bb_align_inherit bt_bb_hover_style_simple bt_bb_content_display_always bt_bb_content_align_middle\" data-bt-override-class=\"{&quot;bt_bb_align_&quot;:{&quot;current_class&quot;:&quot;bt_bb_align_inherit&quot;,&quot;xxl&quot;:&quot;inherit&quot;}}\"><span><img loading=\"lazy\" decoding=\"async\" width=\"1200\" height=\"800\" src=\"https:\/\/www.dmctour.com\/wp-content\/uploads\/2024\/01\/DK-klinik.jpg\" class=\"attachment-full size-full\" alt=\"https:\/\/www.dmctour.com\/wp-content\/uploads\/2024\/01\/DK-klinik.jpg\" data-full_image_src=\"https:\/\/www.dmctour.com\/wp-content\/uploads\/2024\/01\/DK-klinik.jpg\" title=\"DK klinik\" srcset=\"https:\/\/www.dmctour.com\/wp-content\/uploads\/2024\/01\/DK-klinik.jpg 1200w, https:\/\/www.dmctour.com\/wp-content\/uploads\/2024\/01\/DK-klinik-640x427.jpg 640w, https:\/\/www.dmctour.com\/wp-content\/uploads\/2024\/01\/DK-klinik-768x512.jpg 768w, https:\/\/www.dmctour.com\/wp-content\/uploads\/2024\/01\/DK-klinik-320x213.jpg 320w\" sizes=\"auto, (max-width: 1200px) 100vw, 1200px\" \/><\/span><\/div><div data-bb-version=\"4.5.4\"  class=\"bt_bb_text\" ><\/div><\/div><\/div><div data-bb-version=\"4.5.4\"  class=\"bt_bb_column col-xl-6 col-xs-12 col-sm-6 col-md-6 col-lg-6 bt_bb_align_left bt_bb_vertical_align_top bt_bb_padding_normal\"  data-width=\"6\" data-bt-override-class=\"{}\"><div class=\"bt_bb_column_content\"><div data-bb-version=\"4.5.4\" class=\"bt_bb_separator bt_bb_border_style_none bt_bb_top_spacing_normal bt_bb_bottom_spacing_none\" data-bt-override-class=\"{&quot;bt_bb_top_spacing_&quot;:{&quot;current_class&quot;:&quot;bt_bb_top_spacing_normal&quot;,&quot;xxl&quot;:&quot;normal&quot;},&quot;bt_bb_bottom_spacing_&quot;:{&quot;current_class&quot;:&quot;bt_bb_bottom_spacing_none&quot;,&quot;xxl&quot;:&quot;none&quot;}}\"><\/div><header data-bb-version=\"4.5.4\" class=\"bt_bb_headline bt_bb_subheadline_text_transform_default bt_bb_dash_none bt_bb_size_extrasmall bt_bb_align_center bt_bb_dash_type_none\" data-bt-override-class=\"{&quot;bt_bb_size_&quot;:{&quot;current_class&quot;:&quot;bt_bb_size_extrasmall&quot;,&quot;xxl&quot;:&quot;extrasmall&quot;},&quot;bt_bb_align_&quot;:{&quot;current_class&quot;:&quot;bt_bb_align_center&quot;,&quot;xxl&quot;:&quot;center&quot;}}\"><h1 class=\"bt_bb_headline_tag\"><span class=\"bt_bb_headline_content\"><span>MEDICANTALYA<\/span><\/span><\/h1><\/header><div data-bb-version=\"4.5.4\" class=\"bt_bb_image bt_bb_shape_square bt_bb_target_self bt_bb_align_inherit bt_bb_hover_style_simple bt_bb_content_display_always bt_bb_content_align_middle\" data-bt-override-class=\"{&quot;bt_bb_align_&quot;:{&quot;current_class&quot;:&quot;bt_bb_align_inherit&quot;,&quot;xxl&quot;:&quot;inherit&quot;}}\"><span><img loading=\"lazy\" decoding=\"async\" width=\"1200\" height=\"800\" src=\"https:\/\/www.dmctour.com\/wp-content\/uploads\/2024\/01\/l_d1-copy.jpg\" class=\"attachment-full size-full\" alt=\"https:\/\/www.dmctour.com\/wp-content\/uploads\/2024\/01\/l_d1-copy.jpg\" data-full_image_src=\"https:\/\/www.dmctour.com\/wp-content\/uploads\/2024\/01\/l_d1-copy.jpg\" title=\"l_d1 copy\" srcset=\"https:\/\/www.dmctour.com\/wp-content\/uploads\/2024\/01\/l_d1-copy.jpg 1200w, https:\/\/www.dmctour.com\/wp-content\/uploads\/2024\/01\/l_d1-copy-640x427.jpg 640w, https:\/\/www.dmctour.com\/wp-content\/uploads\/2024\/01\/l_d1-copy-768x512.jpg 768w, https:\/\/www.dmctour.com\/wp-content\/uploads\/2024\/01\/l_d1-copy-320x213.jpg 320w\" sizes=\"auto, (max-width: 1200px) 100vw, 1200px\" \/><\/span><\/div><div data-bb-version=\"4.5.4\"  class=\"bt_bb_text\" ><\/div><\/div><\/div><\/div><\/div><div class=\"bt_bb_row_wrapper\"><div  class=\"bt_bb_row\"  data-bt-override-class=\"{}\"><\/div><\/div><div data-bb-version=\"4.5.4\" class=\"bt_bb_row_wrapper\"><div  class=\"bt_bb_row\"  data-bt-override-class=\"{}\"><\/div><\/div><div data-bb-version=\"4.5.4\" class=\"bt_bb_row_wrapper\"><div  class=\"bt_bb_row\"  data-bt-override-class=\"{}\"><div data-bb-version=\"4.5.4\"  class=\"bt_bb_column col-xl-12 col-xs-12 col-sm-12 col-md-12 col-lg-12 bt_bb_align_left bt_bb_vertical_align_top bt_bb_padding_normal\"  data-width=\"12\" data-bt-override-class=\"{}\"><div class=\"bt_bb_column_content\"><\/div><\/div><\/div><\/div><\/div><!-- cell_inner --><\/div><!-- cell --><\/div><!-- port --><\/section><section id=\"bt_bb_section69fdd86fee677\" class=\"bt_bb_section bt_bb_layout_boxed_1200 bt_bb_vertical_align_top bt_bb_top_spacing_large\"  data-bt-override-class=\"null\"><div class=\"bt_bb_port\"><div class=\"bt_bb_cell\"><div class=\"bt_bb_cell_inner\"><div class=\"bt_bb_row_wrapper\"><div  class=\"bt_bb_row bt_bb_column_gap_medium\"  data-bt-override-class=\"{}\"><div  class=\"bt_bb_column col-xl-6 bt_bb_align_left bt_bb_vertical_align_middle bt_bb_animation_fade_in animate bt_bb_padding_normal bt_bb_animation_fade_in animate\"  data-width=\"6\" data-bt-override-class=\"{}\"><div class=\"bt_bb_column_content\"><header class=\"bt_bb_headline bt_bb_font_weight_bolder bt_bb_color_scheme_17 bt_bb_dash_none bt_bb_size_extralarge bt_bb_align_inherit bt_bb_dash_type_none\" style=\"; --primary-color:#0e54ae; --secondary-color:#bc74a5;\" data-bt-override-class=\"{}\"><h2 class=\"bt_bb_headline_tag\"><span class=\"bt_bb_headline_content\"><span><small>Book Your Visit At<\/small><br \/>\r\nDMC Tour Dental<\/span><\/span><\/h2><\/header><div class=\"bt_bb_separator bt_bb_border_style_none bt_bb_bottom_spacing_small\" data-bt-override-class=\"null\"><\/div><div  class=\"bt_bb_text\" ><p>Contact with us and we will get back to you about the treatment plan you need.<\/p>\n<\/div><div class=\"bt_bb_separator bt_bb_border_style_solid bt_bb_top_spacing_small bt_bb_bottom_spacing_small\" style=\"; border-width: 1px\" data-bt-override-class=\"null\"><\/div><div data-bb-version=\"4.5.4\" class=\"bt_bb_contact_form_7\">\n<div class=\"wpcf7 no-js\" id=\"wpcf7-f4099-o1\" lang=\"en-US\" dir=\"ltr\">\n<div class=\"screen-reader-response\"><p role=\"status\" aria-live=\"polite\" aria-atomic=\"true\"><\/p> <ul><\/ul><\/div>\n<form action=\"\/de\/wp-json\/wp\/v2\/pages\/5676#wpcf7-f4099-o1\" method=\"post\" class=\"wpcf7-form init\" aria-label=\"Contact form\" novalidate=\"novalidate\" data-status=\"init\">\n<div style=\"display: none;\">\n<input type=\"hidden\" name=\"_wpcf7\" value=\"4099\" \/>\n<input type=\"hidden\" name=\"_wpcf7_version\" value=\"5.7.5.1\" \/>\n<input type=\"hidden\" name=\"_wpcf7_locale\" value=\"en_US\" \/>\n<input type=\"hidden\" name=\"_wpcf7_unit_tag\" value=\"wpcf7-f4099-o1\" \/>\n<input type=\"hidden\" name=\"_wpcf7_container_post\" value=\"0\" \/>\n<input type=\"hidden\" name=\"_wpcf7_posted_data_hash\" value=\"\" \/>\n<\/div>\n<div class=\"bt_bb_cf7_form bt_bb_cf7_twocol_form\">\n\t<div class=\"bt_bb_cf7_row\">\n\t\t<div class=\"bt_bb_cf7_element\">\n\t\t\t<p><span class=\"bt_bb_required\">Ihr Name<\/span>\n\t\t\t<\/p>\n\t\t\t<p><span class=\"wpcf7-form-control-wrap\" data-name=\"your-name\"><input size=\"40\" class=\"wpcf7-form-control wpcf7-text wpcf7-validates-as-required\" aria-required=\"true\" aria-invalid=\"false\" value=\"\" type=\"text\" name=\"your-name\" \/><\/span>\n\t\t\t<\/p>\n\t\t<\/div>\n\t\t<div class=\"bt_bb_cf7_element\">\n\t\t\t<p><span class=\"bt_bb_required\">Ihre E-Mail Adresse<\/span>\n\t\t\t<\/p>\n\t\t\t<p><span class=\"wpcf7-form-control-wrap\" data-name=\"your-email\"><input size=\"40\" class=\"wpcf7-form-control wpcf7-text wpcf7-email wpcf7-validates-as-required wpcf7-validates-as-email\" aria-required=\"true\" aria-invalid=\"false\" value=\"\" type=\"email\" name=\"your-email\" \/><\/span>\n\t\t\t<\/p>\n\t\t<\/div>\n\t<\/div>\n\t<div class=\"bt_bb_cf7_row\">\n\t\t<div class=\"bt_bb_cf7_element\">\n\t\t\t<p>W\u00e4hlen Sie Ihre Behandlung\n\t\t\t<\/p>\n\t\t\t<p><span class=\"wpcf7-form-control-wrap\" data-name=\"Doctor\"><select class=\"wpcf7-form-control wpcf7-select\" aria-invalid=\"false\" name=\"Doctor\"><option value=\"\">W\u00e4hlen Sie hier eine Behandlung<\/option><option value=\"Hollywood-L\u00e4cheln\">Hollywood-L\u00e4cheln<\/option><option value=\"Alles auf 4\">Alles auf 4<\/option><option value=\"Implantat\">Implantat<\/option><option value=\"Zirkonium Kronen\">Zirkonium Kronen<\/option><option value=\"E-Max Kronen\">E-Max Kronen<\/option><option value=\"Laminat-Veneers\">Laminat-Veneers<\/option><option value=\"Zahnaufhellung\">Zahnaufhellung<\/option><option value=\"\u00c4sthetische F\u00fcllungen\">\u00c4sthetische F\u00fcllungen<\/option><option value=\"Zahnbr\u00fccke\">Zahnbr\u00fccke<\/option><option value=\"Wurzelbehandlung\">Wurzelbehandlung<\/option><\/select><\/span>\n\t\t\t<\/p>\n\t\t<\/div>\n\t\t<div class=\"bt_bb_cf7_element\">\n\t\t\t<p><span class=\"bt_bb_required\"> Telefonnummer ( mit Landesvorwahl )<\/span>\n\t\t\t<\/p>\n\t\t\t<p><span class=\"wpcf7-form-control-wrap\" data-name=\"tel-643\"><input size=\"40\" class=\"wpcf7-form-control wpcf7-text wpcf7-tel wpcf7-validates-as-tel\" aria-invalid=\"false\" value=\"\" type=\"tel\" name=\"tel-643\" \/><\/span>\n\t\t\t<\/p>\n\t\t<\/div>\n\t<\/div>\n\t<div class=\"bt_bb_cf7_button bt_bb_cf7_button_larger bt_bb_alternate_submit bt_bb_align_to_center\">\n\t\t<p><input class=\"wpcf7-form-control has-spinner wpcf7-submit\" type=\"submit\" value=\"Jetzt Termin buchen\" \/>\n\t\t<\/p>\n\t<\/div>\n<\/div><div class=\"wpcf7-response-output\" aria-hidden=\"true\"><\/div>\n<\/form>\n<\/div>\n<\/div><div class=\"bt_bb_separator bt_bb_border_style_none bt_bb_bottom_spacing_medium\" data-bt-override-class=\"null\"><\/div><\/div><\/div><div  class=\"bt_bb_column col-xl-6 bt_bb_align_left bt_bb_vertical_align_top bt_bb_animation_fade_in animate bt_bb_padding_normal bt_bb_animation_fade_in animate\"  data-width=\"6\" data-bt-override-class=\"{}\"><div class=\"bt_bb_column_content\"><div class=\"bt_bb_image bt_bb_shape_square bt_bb_target_self bt_bb_align_inherit bt_bb_hover_style_simple bt_bb_content_display_always bt_bb_content_align_middle\" data-bt-override-class=\"{}\"><span><img loading=\"lazy\" decoding=\"async\" width=\"1200\" height=\"1603\" src=\"https:\/\/www.dmctour.com\/wp-content\/uploads\/2022\/10\/Medline-Turkey-Dentist.jpg\" class=\"attachment-full size-full\" alt=\"Medline-Turkey-Dentist\" data-full_image_src=\"https:\/\/www.dmctour.com\/wp-content\/uploads\/2022\/10\/Medline-Turkey-Dentist.jpg\" title=\"Medline-Turkey-Dentist\" srcset=\"https:\/\/www.dmctour.com\/wp-content\/uploads\/2022\/10\/Medline-Turkey-Dentist.jpg 1200w, https:\/\/www.dmctour.com\/wp-content\/uploads\/2022\/10\/Medline-Turkey-Dentist-640x855.jpg 640w, https:\/\/www.dmctour.com\/wp-content\/uploads\/2022\/10\/Medline-Turkey-Dentist-768x1026.jpg 768w, https:\/\/www.dmctour.com\/wp-content\/uploads\/2022\/10\/Medline-Turkey-Dentist-1150x1536.jpg 1150w, https:\/\/www.dmctour.com\/wp-content\/uploads\/2022\/10\/Medline-Turkey-Dentist-320x427.jpg 320w\" sizes=\"auto, (max-width: 1200px) 100vw, 1200px\" \/><\/span><\/div><\/div><\/div><\/div><\/div><\/div><!-- cell_inner --><\/div><!-- cell --><\/div><!-- port --><\/section>","protected":false},"excerpt":{"rendered":"","protected":false},"author":1,"featured_media":6317,"parent":0,"menu_order":0,"comment_status":"closed","ping_status":"closed","template":"","meta":{"_joinchat":[],"footnotes":""},"class_list":["post-5676","page","type-page","status-publish","has-post-thumbnail","hentry"],"yoast_head":"<!-- This site is optimized with the Yoast SEO plugin v21.9.1 - https:\/\/yoast.com\/wordpress\/plugins\/seo\/ -->\n<title>Vertragskliniken - DMC DENTAL SERVICES<\/title>\n<meta name=\"robots\" content=\"index, follow, max-snippet:-1, max-image-preview:large, max-video-preview:-1\" \/>\n<link rel=\"canonical\" href=\"https:\/\/www.dmctour.com\/our-clinic\/\" \/>\n<meta property=\"og:locale\" content=\"de_DE\" \/>\n<meta property=\"og:type\" content=\"article\" \/>\n<meta property=\"og:title\" content=\"Vertragskliniken - DMC DENTAL SERVICES\" \/>\n<meta property=\"og:url\" content=\"https:\/\/www.dmctour.com\/our-clinic\/\" \/>\n<meta property=\"og:site_name\" content=\"DMC DENTAL SERVICES\" \/>\n<meta property=\"article:modified_time\" content=\"2024-01-26T09:10:20+00:00\" \/>\n<meta property=\"og:image\" content=\"https:\/\/www.dmctour.com\/wp-content\/uploads\/2023\/08\/DMC-TOUR-DENTAL-ANTALYA-TURKEY-0020.jpg\" \/>\n\t<meta property=\"og:image:width\" content=\"901\" \/>\n\t<meta property=\"og:image:height\" content=\"1200\" \/>\n\t<meta property=\"og:image:type\" content=\"image\/jpeg\" \/>\n<meta name=\"twitter:card\" content=\"summary_large_image\" \/>\n<meta name=\"twitter:label1\" content=\"Gesch\u00e4tzte Lesezeit\" \/>\n\t<meta name=\"twitter:data1\" content=\"7\u00a0Minuten\" \/>\n<script type=\"application\/ld+json\" class=\"yoast-schema-graph\">{\"@context\":\"https:\/\/schema.org\",\"@graph\":[{\"@type\":\"WebPage\",\"@id\":\"https:\/\/www.dmctour.com\/our-clinic\/\",\"url\":\"https:\/\/www.dmctour.com\/our-clinic\/\",\"name\":\"Vertragskliniken - DMC DENTAL SERVICES\",\"isPartOf\":{\"@id\":\"https:\/\/www.dmctour.com\/#website\"},\"datePublished\":\"2023-08-30T16:21:21+00:00\",\"dateModified\":\"2024-01-26T09:10:20+00:00\",\"breadcrumb\":{\"@id\":\"https:\/\/www.dmctour.com\/our-clinic\/#breadcrumb\"},\"inLanguage\":\"de\",\"potentialAction\":[{\"@type\":\"ReadAction\",\"target\":[\"https:\/\/www.dmctour.com\/our-clinic\/\"]}]},{\"@type\":\"BreadcrumbList\",\"@id\":\"https:\/\/www.dmctour.com\/our-clinic\/#breadcrumb\",\"itemListElement\":[{\"@type\":\"ListItem\",\"position\":1,\"name\":\"Home\",\"item\":\"https:\/\/www.dmctour.com\/de\/\"},{\"@type\":\"ListItem\",\"position\":2,\"name\":\"Vertragskliniken\"}]},{\"@type\":\"WebSite\",\"@id\":\"https:\/\/www.dmctour.com\/#website\",\"url\":\"https:\/\/www.dmctour.com\/\",\"name\":\"DMC DENTAL SERVICES\",\"description\":\"Best Health Tourism Company in Turkey\",\"potentialAction\":[{\"@type\":\"SearchAction\",\"target\":{\"@type\":\"EntryPoint\",\"urlTemplate\":\"https:\/\/www.dmctour.com\/?s={search_term_string}\"},\"query-input\":\"required name=search_term_string\"}],\"inLanguage\":\"de\"}]}<\/script>\n<!-- \/ Yoast SEO plugin. -->","yoast_head_json":{"title":"Vertragskliniken - DMC DENTAL SERVICES","robots":{"index":"index","follow":"follow","max-snippet":"max-snippet:-1","max-image-preview":"max-image-preview:large","max-video-preview":"max-video-preview:-1"},"canonical":"https:\/\/www.dmctour.com\/our-clinic\/","og_locale":"de_DE","og_type":"article","og_title":"Vertragskliniken - DMC DENTAL SERVICES","og_url":"https:\/\/www.dmctour.com\/our-clinic\/","og_site_name":"DMC DENTAL SERVICES","article_modified_time":"2024-01-26T09:10:20+00:00","og_image":[{"width":901,"height":1200,"url":"https:\/\/www.dmctour.com\/wp-content\/uploads\/2023\/08\/DMC-TOUR-DENTAL-ANTALYA-TURKEY-0020.jpg","type":"image\/jpeg"}],"twitter_card":"summary_large_image","twitter_misc":{"Gesch\u00e4tzte Lesezeit":"7\u00a0Minuten"},"schema":{"@context":"https:\/\/schema.org","@graph":[{"@type":"WebPage","@id":"https:\/\/www.dmctour.com\/our-clinic\/","url":"https:\/\/www.dmctour.com\/our-clinic\/","name":"Vertragskliniken - DMC DENTAL SERVICES","isPartOf":{"@id":"https:\/\/www.dmctour.com\/#website"},"datePublished":"2023-08-30T16:21:21+00:00","dateModified":"2024-01-26T09:10:20+00:00","breadcrumb":{"@id":"https:\/\/www.dmctour.com\/our-clinic\/#breadcrumb"},"inLanguage":"de","potentialAction":[{"@type":"ReadAction","target":["https:\/\/www.dmctour.com\/our-clinic\/"]}]},{"@type":"BreadcrumbList","@id":"https:\/\/www.dmctour.com\/our-clinic\/#breadcrumb","itemListElement":[{"@type":"ListItem","position":1,"name":"Home","item":"https:\/\/www.dmctour.com\/de\/"},{"@type":"ListItem","position":2,"name":"Vertragskliniken"}]},{"@type":"WebSite","@id":"https:\/\/www.dmctour.com\/#website","url":"https:\/\/www.dmctour.com\/","name":"DMC DENTAL SERVICES","description":"Best Health Tourism Company in Turkey","potentialAction":[{"@type":"SearchAction","target":{"@type":"EntryPoint","urlTemplate":"https:\/\/www.dmctour.com\/?s={search_term_string}"},"query-input":"required name=search_term_string"}],"inLanguage":"de"}]}},"_links":{"self":[{"href":"https:\/\/www.dmctour.com\/de\/wp-json\/wp\/v2\/pages\/5676","targetHints":{"allow":["GET"]}}],"collection":[{"href":"https:\/\/www.dmctour.com\/de\/wp-json\/wp\/v2\/pages"}],"about":[{"href":"https:\/\/www.dmctour.com\/de\/wp-json\/wp\/v2\/types\/page"}],"author":[{"embeddable":true,"href":"https:\/\/www.dmctour.com\/de\/wp-json\/wp\/v2\/users\/1"}],"replies":[{"embeddable":true,"href":"https:\/\/www.dmctour.com\/de\/wp-json\/wp\/v2\/comments?post=5676"}],"version-history":[{"count":7,"href":"https:\/\/www.dmctour.com\/de\/wp-json\/wp\/v2\/pages\/5676\/revisions"}],"predecessor-version":[{"id":6292,"href":"https:\/\/www.dmctour.com\/de\/wp-json\/wp\/v2\/pages\/5676\/revisions\/6292"}],"wp:featuredmedia":[{"embeddable":true,"href":"https:\/\/www.dmctour.com\/de\/wp-json\/wp\/v2\/media\/6317"}],"wp:attachment":[{"href":"https:\/\/www.dmctour.com\/de\/wp-json\/wp\/v2\/media?parent=5676"}],"curies":[{"name":"wp","href":"https:\/\/api.w.org\/{rel}","templated":true}]}}